{"id":439,"date":"2022-10-05T16:02:33","date_gmt":"2022-10-05T16:02:33","guid":{"rendered":"https:\/\/yang-translation.de\/?page_id=439"},"modified":"2025-01-24T20:23:01","modified_gmt":"2025-01-24T20:23:01","slug":"ueber-dr-yang","status":"publish","type":"page","link":"https:\/\/yang-translation.de\/zh\/ueber-dr-yang\/","title":{"rendered":"\u00dcber Dr. Yang"},"content":{"rendered":"<h1 class=\"has-text-align-center\"><br>\u00dcber Dr. Yang<\/h1>\n\n\n\n<p><\/p>\n\n\n\n<h2>sprachliche Qualifikationen<\/h2>\n\n\n\n<div class=\"wp-block-uagb-icon-list uagb-block-3cf4b7dd\"><div class=\"uagb-icon-list__wrap\">\n<div class=\"wp-block-uagb-icon-list-child uagb-block-03793c76\"><span class=\"uagb-icon-list__source-wrap\"><svg xmlns=\"https:\/\/www.w3.org\/2000\/svg\" viewbox=\"0 0 512 512\"><path d=\"M256 0C114.6 0 0 114.6 0 256c0 141.4 114.6 256 256 256s256-114.6 256-256C512 114.6 397.4 0 256 0zM406.6 278.6l-103.1 103.1c-12.5 12.5-32.75 12.5-45.25 0s-12.5-32.75 0-45.25L306.8 288H128C110.3 288 96 273.7 96 256s14.31-32 32-32h178.8l-49.38-49.38c-12.5-12.5-12.5-32.75 0-45.25s32.75-12.5 45.25 0l103.1 103.1C414.6 241.3 416 251.1 416 256C416 260.9 414.6 270.7 406.6 278.6z\"><\/path><\/svg><\/span><span class=\"uagb-icon-list__label\">Chinesisch: Muttersprache, Dolmetscherin und \u00dcbersetzerin<\/span><\/div>\n\n\n\n<div class=\"wp-block-uagb-icon-list-child uagb-block-341dec47\"><span class=\"uagb-icon-list__source-wrap\"><svg xmlns=\"https:\/\/www.w3.org\/2000\/svg\" viewbox=\"0 0 512 512\"><path d=\"M256 0C114.6 0 0 114.6 0 256c0 141.4 114.6 256 256 256s256-114.6 256-256C512 114.6 397.4 0 256 0zM406.6 278.6l-103.1 103.1c-12.5 12.5-32.75 12.5-45.25 0s-12.5-32.75 0-45.25L306.8 288H128C110.3 288 96 273.7 96 256s14.31-32 32-32h178.8l-49.38-49.38c-12.5-12.5-12.5-32.75 0-45.25s32.75-12.5 45.25 0l103.1 103.1C414.6 241.3 416 251.1 416 256C416 260.9 414.6 270.7 406.6 278.6z\"><\/path><\/svg><\/span><span class=\"uagb-icon-list__label\">Deutsch: beeidigte Dolmetscherin und erm\u00e4chtigte \u00dcbersetzerin (OLG D\u00fcsseldorf)<\/span><\/div>\n\n\n\n<div class=\"wp-block-uagb-icon-list-child uagb-block-2a21f633\"><span class=\"uagb-icon-list__source-wrap\"><svg xmlns=\"https:\/\/www.w3.org\/2000\/svg\" viewbox=\"0 0 512 512\"><path d=\"M256 0C114.6 0 0 114.6 0 256c0 141.4 114.6 256 256 256s256-114.6 256-256C512 114.6 397.4 0 256 0zM406.6 278.6l-103.1 103.1c-12.5 12.5-32.75 12.5-45.25 0s-12.5-32.75 0-45.25L306.8 288H128C110.3 288 96 273.7 96 256s14.31-32 32-32h178.8l-49.38-49.38c-12.5-12.5-12.5-32.75 0-45.25s32.75-12.5 45.25 0l103.1 103.1C414.6 241.3 416 251.1 416 256C416 260.9 414.6 270.7 406.6 278.6z\"><\/path><\/svg><\/span><span class=\"uagb-icon-list__label\">Taiwanisch: Muttersprache, beeidigte Dolmetscherin und erm\u00e4chtigte \u00dcbersetzerin (OLG D\u00fcsseldorf)<\/span><\/div>\n<\/div><\/div>\n\n\n\n<div style=\"height:100px\" aria-hidden=\"true\" class=\"wp-block-spacer\"><\/div>\n\n\n\n<h2>Akademische Ausbildung<\/h2>\n\n\n\n<ul><li>Bachelor und Magister in Germanistik (Schwerpunkt \u00dcbersetzung) an der Fu-Jen Katholischen Universit\u00e4t bei Taipei<\/li><li>PhD in Neuere und Neueste Geschichte an der Universit\u00e4t Trier<\/li><\/ul>\n\n\n\n<div style=\"height:100px\" aria-hidden=\"true\" class=\"wp-block-spacer\"><\/div>\n\n\n\n<h2>zugeh\u00f6rigkeiten<\/h2>\n\n\n\n<div class=\"wp-block-uagb-icon-list uagb-block-a96a63d9\"><div class=\"uagb-icon-list__wrap\">\n<div class=\"wp-block-uagb-icon-list-child uagb-block-942a0724\"><span class=\"uagb-icon-list__source-wrap\"><svg xmlns=\"https:\/\/www.w3.org\/2000\/svg\" viewbox=\"0 0 512 512\"><path d=\"M256 0C114.6 0 0 114.6 0 256c0 141.4 114.6 256 256 256s256-114.6 256-256C512 114.6 397.4 0 256 0zM406.6 278.6l-103.1 103.1c-12.5 12.5-32.75 12.5-45.25 0s-12.5-32.75 0-45.25L306.8 288H128C110.3 288 96 273.7 96 256s14.31-32 32-32h178.8l-49.38-49.38c-12.5-12.5-12.5-32.75 0-45.25s32.75-12.5 45.25 0l103.1 103.1C414.6 241.3 416 251.1 416 256C416 260.9 414.6 270.7 406.6 278.6z\"><\/path><\/svg><\/span><span class=\"uagb-icon-list__label\">Gerichtsdolmetscher (www.justiz-dolmetscher.de)<\/span><\/div>\n\n\n\n<div class=\"wp-block-uagb-icon-list-child uagb-block-3de776c3\"><span class=\"uagb-icon-list__source-wrap\"><svg xmlns=\"https:\/\/www.w3.org\/2000\/svg\" viewbox=\"0 0 512 512\"><path d=\"M256 0C114.6 0 0 114.6 0 256c0 141.4 114.6 256 256 256s256-114.6 256-256C512 114.6 397.4 0 256 0zM406.6 278.6l-103.1 103.1c-12.5 12.5-32.75 12.5-45.25 0s-12.5-32.75 0-45.25L306.8 288H128C110.3 288 96 273.7 96 256s14.31-32 32-32h178.8l-49.38-49.38c-12.5-12.5-12.5-32.75 0-45.25s32.75-12.5 45.25 0l103.1 103.1C414.6 241.3 416 251.1 416 256C416 260.9 414.6 270.7 406.6 278.6z\"><\/path><\/svg><\/span><span class=\"uagb-icon-list__label\">Bundesverband der Dolmetscher und \u00dcbersetzer (BD\u00dc)<\/span><\/div>\n<\/div><\/div>\n\n\n\n<p><\/p>","protected":false},"excerpt":{"rendered":"<p>\u00dcber Dr. Yang sprachliche Qualifikationen Akademische Ausbildung Bachelor und Magister in Germanistik (Schwerpunkt \u00dcbersetzung) an der Fu-Jen Katholischen Universit\u00e4t bei Taipei PhD in Neuere und Neueste Geschichte an der Universit\u00e4t Trier zugeh\u00f6rigkeiten<\/p>","protected":false},"author":1,"featured_media":0,"parent":0,"menu_order":0,"comment_status":"closed","ping_status":"closed","template":"","meta":{"site-sidebar-layout":"no-sidebar","site-content-layout":"page-builder","ast-global-header-display":"","ast-main-header-display":"","ast-hfb-above-header-display":"","ast-hfb-below-header-display":"","ast-hfb-mobile-header-display":"","site-post-title":"disabled","ast-breadcrumbs-content":"","ast-featured-img":"disabled","footer-sml-layout":"","theme-transparent-header-meta":"","adv-header-id-meta":"","stick-header-meta":"","header-above-stick-meta":"","header-main-stick-meta":"","header-below-stick-meta":""},"uagb_featured_image_src":{"full":false,"thumbnail":false,"medium":false,"medium_large":false,"large":false,"1536x1536":false,"2048x2048":false,"trp-custom-language-flag":false},"uagb_author_info":{"display_name":"martinosbild8172","author_link":"https:\/\/yang-translation.de\/zh\/author\/martinosbild8172\/"},"uagb_comment_info":0,"uagb_excerpt":"\u00dcber Dr. Yang sprachliche Qualifikationen Akademische Ausbildung Bachelor und Magister in Germanistik (Schwerpunkt \u00dcbersetzung) an der Fu-Jen Katholischen Universit\u00e4t bei Taipei PhD in Neuere und Neueste Geschichte an der Universit\u00e4t Trier zugeh\u00f6rigkeiten","_links":{"self":[{"href":"https:\/\/yang-translation.de\/zh\/wp-json\/wp\/v2\/pages\/439"}],"collection":[{"href":"https:\/\/yang-translation.de\/zh\/wp-json\/wp\/v2\/pages"}],"about":[{"href":"https:\/\/yang-translation.de\/zh\/wp-json\/wp\/v2\/types\/page"}],"author":[{"embeddable":true,"href":"https:\/\/yang-translation.de\/zh\/wp-json\/wp\/v2\/users\/1"}],"replies":[{"embeddable":true,"href":"https:\/\/yang-translation.de\/zh\/wp-json\/wp\/v2\/comments?post=439"}],"version-history":[{"count":8,"href":"https:\/\/yang-translation.de\/zh\/wp-json\/wp\/v2\/pages\/439\/revisions"}],"predecessor-version":[{"id":686,"href":"https:\/\/yang-translation.de\/zh\/wp-json\/wp\/v2\/pages\/439\/revisions\/686"}],"wp:attachment":[{"href":"https:\/\/yang-translation.de\/zh\/wp-json\/wp\/v2\/media?parent=439"}],"curies":[{"name":"wp","href":"https:\/\/api.w.org\/{rel}","templated":true}]}}