{"id":417,"date":"2020-09-15T06:48:15","date_gmt":"2020-09-15T06:48:15","guid":{"rendered":"https:\/\/yang-translation.de\/?page_id=417"},"modified":"2024-12-24T15:30:44","modified_gmt":"2024-12-24T15:30:44","slug":"home","status":"publish","type":"page","link":"https:\/\/yang-translation.de\/zh\/","title":{"rendered":"Startseite"},"content":{"rendered":"<p><\/p>\n\n\n\n<p><\/p>\n\n\n\n<p><\/p>\n\n\n\n<div class=\"wp-block-uagb-container uagb-block-fb29b5b1 alignfull uagb-is-root-container\"><div class=\"uagb-container-inner-blocks-wrap\">\n<div class=\"wp-block-uagb-info-box uagb-block-e58acea0 uagb-infobox__content-wrap  uagb-infobox-icon-above-title uagb-infobox-image-valign-top\"><div class=\"uagb-ifb-content\"><div class=\"uagb-ifb-title-wrap\"><span class=\"uagb-ifb-title-prefix\">Durch den Pr\u00e4sidenten des Oberlandesgerichts D\u00fcsseldorf allgemein beeidigte Gerichtsdolmetscherin und erm\u00e4chtigte \u00dcbersetzerin f\u00fcr die<br>deutsche und taiwanische Sprache (traditionelles Chinesisch)<\/span><div class=\"uagb-ifb-separator\"><\/div><h1 class=\"uagb-ifb-title translation-block\">\u6b61\u8fce\u5230\u694a\u535a\u58eb\u7684\u7db2\u7ad9<\/h1><\/div><div class=\"uagb-ifb-button-wrapper wp-block-button\"><a href=\"#\" target=\"_self\" class=\"uagb-infobox-cta-link\" rel=\"noopener noreferrer\" alt=\"\"><span class=\"uagb-inline-editing\"><\/span><\/a><\/div><\/div><\/div>\n\n\n\n<div class=\"wp-container-1 wp-block-buttons\">\n<div class=\"wp-block-button aligncenter\"><a class=\"wp-block-button__link\" href=\"https:\/\/yang-translation.de\/zh\/ueber-dr-yang\/\">Mehr Erfahren<\/a><\/div>\n<\/div>\n<\/div><\/div>\n\n\n\n<div class=\"wp-block-uagb-container uagb-block-5f40ffda alignfull uagb-is-root-container\"><div class=\"uagb-container-inner-blocks-wrap\">\n<div class=\"wp-block-uagb-advanced-heading uagb-block-d879a763\"><h2 class=\"uagb-heading-text\">Leistungen<\/h2><div class=\"uagb-separator\"><\/div><\/div>\n\n\n\n<div class=\"wp-block-uagb-container uagb-block-fea94218\">\n<div class=\"wp-block-uagb-container uagb-block-df876f76\">\n<div class=\"wp-block-uagb-info-box uagb-block-79631dd8 uagb-infobox__content-wrap  uagb-infobox-icon-above-title uagb-infobox-image-valign-top\"><div class=\"uagb-ifb-content\"><div class=\"uagb-ifb-image-content\"><img src=\"http:\/\/yang-translation.de\/wp-content\/uploads\/2022\/10\/home-office-laptop-notebook-599475-e1665319158583.jpg\" alt=\"home office, laptop, notebook-599475.jpg\"\/><\/div><div class=\"uagb-ifb-title-wrap\"><h5 class=\"uagb-ifb-title\">\u00dcbersetzen<\/h5><\/div><p class=\"uagb-ifb-desc\">Sprachrichtungen: Deutsch-Chinesisch, Chinesisch-Deutsch, Deutsch-Taiwanisch, Taiwanisch-Deutsch<\/p><\/div><\/div>\n<\/div>\n\n\n\n<div class=\"wp-block-uagb-container uagb-block-90accb13\">\n<div class=\"wp-block-uagb-info-box uagb-block-4180b465 uagb-infobox__content-wrap  uagb-infobox-icon-above-title uagb-infobox-image-valign-top\"><div class=\"uagb-ifb-content\"><div class=\"uagb-ifb-image-content\"><img src=\"http:\/\/yang-translation.de\/wp-content\/uploads\/2022\/10\/microphone-704255-scaled-e1665318775440.jpg\" alt=\"\"\/><\/div><div class=\"uagb-ifb-title-wrap\"><h5 class=\"uagb-ifb-title\">Dolmetschen<\/h5><\/div><p class=\"uagb-ifb-desc\">Sprachrichtungen: Deutsch-Chinesisch, Chinesisch-Deutsch, Deutsch-Taiwanisch, Taiwanisch-Deutsch<\/p><\/div><\/div>\n<\/div>\n<\/div>\n\n\n\n<div class=\"wp-container-2 wp-block-buttons\">\n<div class=\"wp-block-button aligncenter\"><a class=\"wp-block-button__link\" href=\"https:\/\/yang-translation.de\/zh\/leistungen\/\">mehr erfahren<\/a><\/div>\n<\/div>\n<\/div><\/div>\n\n\n\n<div class=\"wp-block-uagb-container uagb-block-9d55bcde alignfull uagb-is-root-container\"><div class=\"uagb-container-inner-blocks-wrap\">\n<div class=\"wp-block-uagb-container uagb-block-323edb2b\">\n<div class=\"wp-block-uagb-info-box uagb-block-a08a036f uagb-infobox__content-wrap  uagb-infobox-icon-above-title uagb-infobox-image-valign-top\"><div class=\"uagb-ifb-content\"><div class=\"uagb-ifb-title-wrap\"><h2 class=\"uagb-ifb-title\">\u00dcber dr. Yang<\/h2><\/div><div class=\"uagb-ifb-separator\"><\/div><p class=\"uagb-ifb-desc\">\u00dcber 26 Jahre geballte Erfahrung in der \u00dcbersetzungs- und Dolmetscherbranche: Das ist Frau Dr. YANG Ying-Feng. Lassen Sie sich hier von ihren Qualifikationen und Fachkenntnissen \u00fcberzeugen:<\/p><\/div><\/div>\n<\/div>\n\n\n\n<div class=\"wp-container-3 wp-block-buttons\"><\/div>\n\n\n\n<div class=\"wp-container-7 wp-block-columns\">\n<div class=\"wp-container-4 wp-block-column\"><\/div>\n\n\n\n<div class=\"wp-container-6 wp-block-column\">\n<div class=\"wp-container-5 wp-block-buttons\">\n<div class=\"wp-block-button\"><a class=\"wp-block-button__link\" href=\"https:\/\/yang-translation.de\/zh\/ueber-dr-yang\/\">Mehr erfahren<\/a><\/div>\n<\/div>\n<\/div>\n<\/div>\n<\/div><\/div>\n\n\n\n<div class=\"wp-block-uagb-container uagb-block-c06a9b33 alignfull uagb-is-root-container\"><div class=\"uagb-container-inner-blocks-wrap\">\n<div class=\"wp-block-uagb-container uagb-block-d9ac9818\">\n<div class=\"wp-container-9 wp-block-columns\">\n<div class=\"wp-container-8 wp-block-column\" style=\"flex-basis:100%\">\n<div class=\"wp-block-uagb-info-box uagb-block-bf7d507a uagb-infobox__content-wrap  uagb-infobox-icon-above-title uagb-infobox-image-valign-top\"><div class=\"uagb-ifb-content\"><div class=\"uagb-ifb-title-wrap\"><h2 class=\"uagb-ifb-title\">kontakt<\/h2><\/div><p class=\"uagb-ifb-desc\">Ob per Telefon, E-Mail oder Online-Formular: Hier k\u00f6nnen Sie mit Frau Dr. Yang Kontakt aufnehmen und Ihre Anfrage f\u00fcr eine \u00dcbersetzung oder Dolmetscherauftrag stellen:<\/p><\/div><\/div>\n<\/div>\n<\/div>\n\n\n\n<div class=\"wp-container-10 wp-block-buttons\">\n<div class=\"wp-block-button\"><a class=\"wp-block-button__link\" href=\"https:\/\/yang-translation.de\/zh\/kontakt\/\">Kontakt aufnehmen<\/a><\/div>\n<\/div>\n<\/div>\n\n\n\n<div class=\"wp-block-uagb-container uagb-block-d848dd49\">\n<div class=\"wp-block-uagb-image uagb-block-469ec5a1 wp-block-uagb-image--layout-default wp-block-uagb-image--effect-static wp-block-uagb-image--align-none\"><figure class=\"wp-block-uagb-image__figure\"><img loading=\"lazy\" srcset=\"http:\/\/yang-translation.de\/wp-content\/uploads\/2022\/10\/stinky-tofu-3028222-1024x769.jpg , http:\/\/yang-translation.de\/wp-content\/uploads\/2020\/09\/snow.jpg 360w\" src=\"http:\/\/yang-translation.de\/wp-content\/uploads\/2022\/10\/stinky-tofu-3028222-1024x769.jpg\" alt=\"\" class=\"uag-image-519\" width=\"1024\" height=\"769\" title=\"\"\/><\/figure><\/div>\n\n\n\n<div class=\"wp-block-uagb-image uagb-block-5aeb34f9 wp-block-uagb-image--layout-default wp-block-uagb-image--effect-static wp-block-uagb-image--align-none\"><figure class=\"wp-block-uagb-image__figure\"><img loading=\"lazy\" srcset=\"http:\/\/yang-translation.de\/wp-content\/uploads\/2022\/10\/kaohsiung-4081259-scaled-e1665318931309-1024x767.jpg , http:\/\/yang-translation.de\/wp-content\/uploads\/2020\/09\/image-1.jpg 360w\" src=\"http:\/\/yang-translation.de\/wp-content\/uploads\/2022\/10\/kaohsiung-4081259-scaled-e1665318931309-1024x767.jpg\" alt=\"\" class=\"uag-image-515\" width=\"1024\" height=\"767\" title=\"\"\/><\/figure><\/div>\n<\/div>\n\n\n\n<div class=\"wp-block-uagb-container uagb-block-d8fbbc1d\">\n<div class=\"wp-block-uagb-image uagb-block-6e8bba05 wp-block-uagb-image--layout-default wp-block-uagb-image--effect-static wp-block-uagb-image--align-none\"><figure class=\"wp-block-uagb-image__figure\"><img loading=\"lazy\" srcset=\"http:\/\/yang-translation.de\/wp-content\/uploads\/2022\/10\/train-6038688-scaled-e1665318858580-1024x767.jpg , http:\/\/yang-translation.de\/wp-content\/uploads\/2020\/09\/mountain-3.jpg 360w\" src=\"http:\/\/yang-translation.de\/wp-content\/uploads\/2022\/10\/train-6038688-scaled-e1665318858580-1024x767.jpg\" alt=\"\" class=\"uag-image-525\" width=\"1024\" height=\"767\" title=\"\"\/><\/figure><\/div>\n\n\n\n<div class=\"wp-block-uagb-image uagb-block-1fffc286 wp-block-uagb-image--layout-default wp-block-uagb-image--effect-static wp-block-uagb-image--align-none\"><figure class=\"wp-block-uagb-image__figure\"><img loading=\"lazy\" srcset=\"http:\/\/yang-translation.de\/wp-content\/uploads\/2022\/10\/dumpling-2392893-e1665318878776-1024x766.jpg , http:\/\/yang-translation.de\/wp-content\/uploads\/2020\/09\/snow-1.jpg 360w\" src=\"http:\/\/yang-translation.de\/wp-content\/uploads\/2022\/10\/dumpling-2392893-e1665318878776-1024x766.jpg\" alt=\"\" class=\"uag-image-514\" width=\"1024\" height=\"766\" title=\"\"\/><\/figure><\/div>\n<\/div>\n<\/div><\/div>","protected":false},"excerpt":{"rendered":"","protected":false},"author":1,"featured_media":0,"parent":0,"menu_order":0,"comment_status":"closed","ping_status":"closed","template":"","meta":{"site-sidebar-layout":"no-sidebar","site-content-layout":"plain-container","ast-global-header-display":"","ast-main-header-display":"","ast-hfb-above-header-display":"","ast-hfb-below-header-display":"","ast-hfb-mobile-header-display":"","site-post-title":"disabled","ast-breadcrumbs-content":"","ast-featured-img":"","footer-sml-layout":"","theme-transparent-header-meta":"enabled","adv-header-id-meta":"","stick-header-meta":"","header-above-stick-meta":"","header-main-stick-meta":"","header-below-stick-meta":""},"uagb_featured_image_src":{"full":false,"thumbnail":false,"medium":false,"medium_large":false,"large":false,"1536x1536":false,"2048x2048":false,"trp-custom-language-flag":false},"uagb_author_info":{"display_name":"martinosbild8172","author_link":"https:\/\/yang-translation.de\/zh\/author\/martinosbild8172\/"},"uagb_comment_info":0,"uagb_excerpt":null,"_links":{"self":[{"href":"https:\/\/yang-translation.de\/zh\/wp-json\/wp\/v2\/pages\/417"}],"collection":[{"href":"https:\/\/yang-translation.de\/zh\/wp-json\/wp\/v2\/pages"}],"about":[{"href":"https:\/\/yang-translation.de\/zh\/wp-json\/wp\/v2\/types\/page"}],"author":[{"embeddable":true,"href":"https:\/\/yang-translation.de\/zh\/wp-json\/wp\/v2\/users\/1"}],"replies":[{"embeddable":true,"href":"https:\/\/yang-translation.de\/zh\/wp-json\/wp\/v2\/comments?post=417"}],"version-history":[{"count":33,"href":"https:\/\/yang-translation.de\/zh\/wp-json\/wp\/v2\/pages\/417\/revisions"}],"predecessor-version":[{"id":685,"href":"https:\/\/yang-translation.de\/zh\/wp-json\/wp\/v2\/pages\/417\/revisions\/685"}],"wp:attachment":[{"href":"https:\/\/yang-translation.de\/zh\/wp-json\/wp\/v2\/media?parent=417"}],"curies":[{"name":"wp","href":"https:\/\/api.w.org\/{rel}","templated":true}]}}