{"id":415,"date":"2020-09-15T06:48:51","date_gmt":"2020-09-15T06:48:51","guid":{"rendered":"https:\/\/yang-translation.de\/?page_id=415"},"modified":"2024-12-24T15:26:47","modified_gmt":"2024-12-24T15:26:47","slug":"leistungen","status":"publish","type":"page","link":"https:\/\/yang-translation.de\/de\/leistungen\/","title":{"rendered":"Leistungen &#038; Fachgebiete"},"content":{"rendered":"\n<h1 class=\"alignfull has-text-align-center\"><br>Leistungen &amp; Fachgebiete<\/h1>\n\n\n\n<div class=\"wp-block-uagb-container uagb-block-70810da8 alignfull uagb-is-root-container\"><div class=\"uagb-container-inner-blocks-wrap\">\n<h2>\u00dcbersetzungen<\/h2>\n\n\n\n<div class=\"wp-container-3 wp-block-columns\">\n<div class=\"wp-container-1 wp-block-column\">\n<figure class=\"wp-block-image size-large\"><img loading=\"lazy\" width=\"1024\" height=\"576\" src=\"http:\/\/yang-translation.de\/wp-content\/uploads\/2022\/10\/home-office-laptop-notebook-599475-e1665319158583-1024x576.jpg\" alt=\"home office, laptop, notebook-599475.jpg\" class=\"wp-image-547\" srcset=\"https:\/\/yang-translation.de\/wp-content\/uploads\/2022\/10\/home-office-laptop-notebook-599475-e1665319158583-1024x576.jpg 1024w, https:\/\/yang-translation.de\/wp-content\/uploads\/2022\/10\/home-office-laptop-notebook-599475-e1665319158583-300x169.jpg 300w, https:\/\/yang-translation.de\/wp-content\/uploads\/2022\/10\/home-office-laptop-notebook-599475-e1665319158583-768x432.jpg 768w, https:\/\/yang-translation.de\/wp-content\/uploads\/2022\/10\/home-office-laptop-notebook-599475-e1665319158583-18x10.jpg 18w, https:\/\/yang-translation.de\/wp-content\/uploads\/2022\/10\/home-office-laptop-notebook-599475-e1665319158583.jpg 1280w\" sizes=\"(max-width: 1024px) 100vw, 1024px\" \/><\/figure>\n<\/div>\n\n\n\n<div class=\"wp-container-2 wp-block-column is-vertically-aligned-center\">\n<p class=\"has-medium-font-size\">Bei Fach\u00fcbersetzungen Dr. Yang erhalten Sie \u00dcbersetzungen guter Qualit\u00e4t verschiedenster Dokumentarten vom Deutschen ins Taiwanische (traditionelles Chinesisch) und ins vereinfachte Chinesisch sowie umgekehrt; f\u00fcr traditionelles Chinesisch  auch beglaubigt. Der Preis orientiert sich an Art und Schwierigkeit des zu \u00fcbersetzenden Texts; ma\u00dfgebend f\u00fcr die Preisberechnung ist die Anzahl der deutschen Normzeilen (55 Anschl\u00e4ge mit Leerzeichen). F\u00fcr die \u00dcbersetzungen von Excel-Tabellen und Powerpoint-Pr\u00e4sentationen sowie f\u00fcr die Anpassung von alten \u00dcbersetzungen werden 60\u20ac pro Stunde abgerechnet. F\u00fcr Urkunden\u00fcbersetzungen werden Pauschalpreise angeboten (z.B. 40\u20ac, 60\u20ac, 80\u20ac, 100\u20ac usw.). Alle Preisangaben sind Netto-Preise.<\/p>\n<\/div>\n<\/div>\n\n\n\n<div class=\"wp-block-uagb-info-box uagb-block-205b1c9e uagb-infobox__content-wrap  uagb-infobox-icon-above-title uagb-infobox-image-valign-top\"><div class=\"uagb-ifb-content\"><div class=\"uagb-ifb-icon-wrap\"><svg xmlns=\"https:\/\/www.w3.org\/2000\/svg\" viewBox=\"0 0 512 512\"><path d=\"M0 256C0 114.6 114.6 0 256 0C397.4 0 512 114.6 512 256C512 397.4 397.4 512 256 512C114.6 512 0 397.4 0 256zM371.8 211.8C382.7 200.9 382.7 183.1 371.8 172.2C360.9 161.3 343.1 161.3 332.2 172.2L224 280.4L179.8 236.2C168.9 225.3 151.1 225.3 140.2 236.2C129.3 247.1 129.3 264.9 140.2 275.8L204.2 339.8C215.1 350.7 232.9 350.7 243.8 339.8L371.8 211.8z\"><\/path><\/svg><\/div><div class=\"uagb-ifb-title-wrap\"><h3 class=\"uagb-ifb-title\">Beglaubigungen<\/h3><\/div><p class=\"uagb-ifb-desc\">Der Beglaubigungsprozess f\u00fcr <strong>\u00f6ffentliche Urkunden zum Gebrauch im Ausland <\/strong>ist sehr kompliziert. \u00a0<br>Unterschieden wird beispielsweise zwischen Apostille, Vorbeglaubigung, \u00dcberbeglaubigung, Endbeglaubigung und Legalisation. Bei diesen juristischen Fachbegriffen ist es einfach, den \u00dcberblick zu verlieren. Damit dies nicht passiert, ber\u00e4t Frau Dr. Yang Sie gerne individuell. <br>Die in China oder Taiwan angefertigten beglaubigten \u00dcbersetzungen werden von deutschen Beh\u00f6rden nicht anerkannt. Frau Dr. Yang ist berechtigt, im Namen des Oberlandesgerichts D\u00fcsseldorf die Richtigkeit und Vollst\u00e4ndigkeit der \u00dcbersetzungen der Sprachrichtung Deutsch\/Taiwanisch (traditionelles Chinesisch) zu bescheinigen.<\/p><\/div><\/div>\n<\/div><\/div>\n\n\n\n<p><\/p>\n\n\n\n<div class=\"wp-block-uagb-container uagb-block-b8d87295 alignfull uagb-is-root-container\"><div class=\"uagb-container-inner-blocks-wrap\">\n<h2>Dolmetschen<\/h2>\n\n\n\n<div class=\"wp-container-6 wp-block-columns\">\n<div class=\"wp-container-4 wp-block-column\">\n<figure class=\"wp-block-image size-large\"><img loading=\"lazy\" width=\"1024\" height=\"576\" src=\"http:\/\/yang-translation.de\/wp-content\/uploads\/2022\/10\/microphone-704255-scaled-e1665318775440-1024x576.jpg\" alt=\"\" class=\"wp-image-537\" srcset=\"https:\/\/yang-translation.de\/wp-content\/uploads\/2022\/10\/microphone-704255-scaled-e1665318775440-1024x576.jpg 1024w, https:\/\/yang-translation.de\/wp-content\/uploads\/2022\/10\/microphone-704255-scaled-e1665318775440-300x169.jpg 300w, https:\/\/yang-translation.de\/wp-content\/uploads\/2022\/10\/microphone-704255-scaled-e1665318775440-768x432.jpg 768w, https:\/\/yang-translation.de\/wp-content\/uploads\/2022\/10\/microphone-704255-scaled-e1665318775440-1536x864.jpg 1536w, https:\/\/yang-translation.de\/wp-content\/uploads\/2022\/10\/microphone-704255-scaled-e1665318775440-2048x1152.jpg 2048w, https:\/\/yang-translation.de\/wp-content\/uploads\/2022\/10\/microphone-704255-scaled-e1665318775440-18x10.jpg 18w\" sizes=\"(max-width: 1024px) 100vw, 1024px\" \/><\/figure>\n<\/div>\n\n\n\n<div class=\"wp-container-5 wp-block-column is-vertically-aligned-center\">\n<p class=\"has-ast-global-color-2-color has-text-color\">Seit 1999 arbeitet Frau Dr. Yang sowohl als Gerichtsdolmetscherin als auch als Dolmetscherin f\u00fcr die Industrie und Forschungsinstitute, z.B. bei Vertragsverhandlungen, technischen Schulungen, Montagen von Produktionsanlagen, Werkbesichtigungen, Wochenendbetreuungen von Delegationen uvm. Je nach Aufgaben und dem Vorbereitungsaufwand werden die Honorare nach verschiedenen Stunden-, Tagess\u00e4tzen oder Pauschalpreis berechnet.&nbsp;<\/p>\n\n\n\n<p><\/p>\n<\/div>\n<\/div>\n\n\n\n<div class=\"wp-block-uagb-info-box uagb-block-8d50b8db uagb-infobox__content-wrap  uagb-infobox-icon-above-title uagb-infobox-image-valign-top\"><div class=\"uagb-ifb-content\"><div class=\"uagb-ifb-icon-wrap\"><svg xmlns=\"https:\/\/www.w3.org\/2000\/svg\" viewBox=\"0 0 512 512\"><path d=\"M0 256C0 114.6 114.6 0 256 0C397.4 0 512 114.6 512 256C512 397.4 397.4 512 256 512C114.6 512 0 397.4 0 256zM371.8 211.8C382.7 200.9 382.7 183.1 371.8 172.2C360.9 161.3 343.1 161.3 332.2 172.2L224 280.4L179.8 236.2C168.9 225.3 151.1 225.3 140.2 236.2C129.3 247.1 129.3 264.9 140.2 275.8L204.2 339.8C215.1 350.7 232.9 350.7 243.8 339.8L371.8 211.8z\"><\/path><\/svg><\/div><div class=\"uagb-ifb-title-wrap\"><h3 class=\"uagb-ifb-title\">Konsekutivdolmetschen<\/h3><\/div><p class=\"uagb-ifb-desc\">Beim Dolmetschen unterscheidet man zwischen Konsekutiv- und Simultandolmetschen. Als Konsekutivdolmetschen wird bezeichnet, wenn Redner und Dolmetscher in Segmenten nacheinander sprechen und sich somit stetig abwechseln.<\/p><\/div><\/div>\n\n\n\n<div class=\"wp-block-uagb-info-box uagb-block-f74d0348 uagb-infobox__content-wrap  uagb-infobox-icon-above-title uagb-infobox-image-valign-top\"><div class=\"uagb-ifb-content\"><div class=\"uagb-ifb-icon-wrap\"><svg xmlns=\"https:\/\/www.w3.org\/2000\/svg\" viewBox=\"0 0 512 512\"><path d=\"M0 256C0 114.6 114.6 0 256 0C397.4 0 512 114.6 512 256C512 397.4 397.4 512 256 512C114.6 512 0 397.4 0 256zM371.8 211.8C382.7 200.9 382.7 183.1 371.8 172.2C360.9 161.3 343.1 161.3 332.2 172.2L224 280.4L179.8 236.2C168.9 225.3 151.1 225.3 140.2 236.2C129.3 247.1 129.3 264.9 140.2 275.8L204.2 339.8C215.1 350.7 232.9 350.7 243.8 339.8L371.8 211.8z\"><\/path><\/svg><\/div><div class=\"uagb-ifb-title-wrap\"><h3 class=\"uagb-ifb-title\">Simultandolmetschen<\/h3><\/div><p class=\"uagb-ifb-desc\">Simultandolmetschen hingegen ist das parallel stattfindende Dolmetschen, das \u00fcber Kopfh\u00f6rer an die Zuh\u00f6renden vermittelt wird.&nbsp;<\/p><\/div><\/div>\n<\/div><\/div>\n\n\n\n<p><\/p>\n\n\n\n<div class=\"wp-block-uagb-container uagb-block-5d6a5f1a alignfull uagb-is-root-container\"><div class=\"uagb-container-inner-blocks-wrap\">\n<h2>Sprachrichtungen<\/h2>\n\n\n\n<div class=\"wp-container-10 wp-block-columns\">\n<div class=\"wp-container-7 wp-block-column\">\n<h2>Deutsch &#8211; Chinesisch<\/h2>\n<\/div>\n\n\n\n<div class=\"wp-container-8 wp-block-column\"><\/div>\n\n\n\n<div class=\"wp-container-9 wp-block-column\">\n<h2>Deutsch &#8211; Taiwanisch<\/h2>\n<\/div>\n<\/div>\n\n\n\n<div class=\"wp-container-14 wp-block-columns\">\n<div class=\"wp-container-11 wp-block-column\">\n<figure class=\"wp-block-image size-full\"><img loading=\"lazy\" width=\"837\" height=\"209\" src=\"http:\/\/yang-translation.de\/wp-content\/uploads\/2022\/08\/Deutsch-Chinesisch.png\" alt=\"\" class=\"wp-image-8\" srcset=\"https:\/\/yang-translation.de\/wp-content\/uploads\/2022\/08\/Deutsch-Chinesisch.png 837w, https:\/\/yang-translation.de\/wp-content\/uploads\/2022\/08\/Deutsch-Chinesisch-300x75.png 300w, https:\/\/yang-translation.de\/wp-content\/uploads\/2022\/08\/Deutsch-Chinesisch-768x192.png 768w\" sizes=\"(max-width: 837px) 100vw, 837px\" \/><\/figure>\n<\/div>\n\n\n\n<div class=\"wp-container-12 wp-block-column\"><\/div>\n\n\n\n<div class=\"wp-container-13 wp-block-column is-vertically-aligned-center\">\n<figure class=\"wp-block-image size-full\"><img loading=\"lazy\" width=\"839\" height=\"209\" src=\"http:\/\/yang-translation.de\/wp-content\/uploads\/2022\/08\/Deutsch-Taiwanisch.png\" alt=\"\" class=\"wp-image-9\" srcset=\"https:\/\/yang-translation.de\/wp-content\/uploads\/2022\/08\/Deutsch-Taiwanisch.png 839w, https:\/\/yang-translation.de\/wp-content\/uploads\/2022\/08\/Deutsch-Taiwanisch-300x75.png 300w, https:\/\/yang-translation.de\/wp-content\/uploads\/2022\/08\/Deutsch-Taiwanisch-768x191.png 768w\" sizes=\"(max-width: 839px) 100vw, 839px\" \/><\/figure>\n<\/div>\n<\/div>\n<\/div><\/div>\n\n\n\n<p><\/p>\n\n\n\n<div class=\"wp-block-uagb-container uagb-block-66a2ecef alignfull uagb-is-root-container\"><div class=\"uagb-container-inner-blocks-wrap\">\n<h2>Fachgebiete<\/h2>\n\n\n\n<div class=\"wp-container-18 wp-block-columns\">\n<div class=\"wp-container-15 wp-block-column\">\n<figure class=\"wp-block-image size-medium is-resized\"><img loading=\"lazy\" src=\"https:\/\/yang-translation.de\/wp-content\/uploads\/2022\/08\/Bild11-248x300.png\" alt=\"\" class=\"wp-image-17\" width=\"124\" height=\"150\" srcset=\"https:\/\/yang-translation.de\/wp-content\/uploads\/2022\/08\/Bild11-248x300.png 248w, https:\/\/yang-translation.de\/wp-content\/uploads\/2022\/08\/Bild11.png 597w\" sizes=\"(max-width: 124px) 100vw, 124px\" \/><figcaption>Maschinen- und Anlagenbau<\/figcaption><\/figure>\n<\/div>\n\n\n\n<div class=\"wp-container-16 wp-block-column\">\n<figure class=\"wp-block-image size-medium is-resized\"><img loading=\"lazy\" src=\"https:\/\/yang-translation.de\/wp-content\/uploads\/2022\/08\/Bild5-257x300.png\" alt=\"\" class=\"wp-image-11\" width=\"129\" height=\"150\" srcset=\"https:\/\/yang-translation.de\/wp-content\/uploads\/2022\/08\/Bild5-257x300.png 257w, https:\/\/yang-translation.de\/wp-content\/uploads\/2022\/08\/Bild5.png 574w\" sizes=\"(max-width: 129px) 100vw, 129px\" \/><figcaption>Energiewirtschaft und -erzeugung<\/figcaption><\/figure>\n<\/div>\n\n\n\n<div class=\"wp-container-17 wp-block-column\">\n<figure class=\"wp-block-image size-medium is-resized\"><img loading=\"lazy\" src=\"https:\/\/yang-translation.de\/wp-content\/uploads\/2022\/08\/Bild12-300x288.png\" alt=\"\" class=\"wp-image-18\" width=\"150\" height=\"144\" srcset=\"https:\/\/yang-translation.de\/wp-content\/uploads\/2022\/08\/Bild12-300x288.png 300w, https:\/\/yang-translation.de\/wp-content\/uploads\/2022\/08\/Bild12.png 650w\" sizes=\"(max-width: 150px) 100vw, 150px\" \/><figcaption>Umwelttechnik<\/figcaption><\/figure>\n<\/div>\n<\/div>\n\n\n\n<div class=\"wp-container-22 wp-block-columns\">\n<div class=\"wp-container-19 wp-block-column\">\n<figure class=\"wp-block-image size-medium is-resized\"><img loading=\"lazy\" src=\"https:\/\/yang-translation.de\/wp-content\/uploads\/2022\/08\/Bild14-300x300.png\" alt=\"\" class=\"wp-image-6\" width=\"150\" height=\"150\" srcset=\"https:\/\/yang-translation.de\/wp-content\/uploads\/2022\/08\/Bild14-300x300.png 300w, https:\/\/yang-translation.de\/wp-content\/uploads\/2022\/08\/Bild14-150x150.png 150w, https:\/\/yang-translation.de\/wp-content\/uploads\/2022\/08\/Bild14.png 603w\" sizes=\"(max-width: 150px) 100vw, 150px\" \/><figcaption>Bauwesen<\/figcaption><\/figure>\n<\/div>\n\n\n\n<div class=\"wp-container-20 wp-block-column\">\n<figure class=\"wp-block-image size-full is-resized\"><img loading=\"lazy\" src=\"http:\/\/yang-translation.de\/wp-content\/uploads\/2022\/08\/Bild15.png\" alt=\"\" class=\"wp-image-7\" width=\"193\" height=\"151\" srcset=\"https:\/\/yang-translation.de\/wp-content\/uploads\/2022\/08\/Bild15.png 674w, https:\/\/yang-translation.de\/wp-content\/uploads\/2022\/08\/Bild15-300x234.png 300w\" sizes=\"(max-width: 193px) 100vw, 193px\" \/><figcaption>Transport und Verkehr<\/figcaption><\/figure>\n<\/div>\n\n\n\n<div class=\"wp-container-21 wp-block-column is-vertically-aligned-center\">\n<figure class=\"wp-block-image size-medium is-resized\"><img loading=\"lazy\" src=\"https:\/\/yang-translation.de\/wp-content\/uploads\/2022\/08\/Bild9-293x300.png\" alt=\"\" class=\"wp-image-15\" width=\"147\" height=\"150\" srcset=\"https:\/\/yang-translation.de\/wp-content\/uploads\/2022\/08\/Bild9-293x300.png 293w, https:\/\/yang-translation.de\/wp-content\/uploads\/2022\/08\/Bild9.png 715w\" sizes=\"(max-width: 147px) 100vw, 147px\" \/><figcaption>Recht und Vertr\u00e4ge<\/figcaption><\/figure>\n<\/div>\n<\/div>\n\n\n\n<div class=\"wp-container-26 wp-block-columns\">\n<div class=\"wp-container-23 wp-block-column\">\n<figure class=\"wp-block-image size-medium is-resized\"><img loading=\"lazy\" src=\"https:\/\/yang-translation.de\/wp-content\/uploads\/2022\/08\/Bild6-233x300.png\" alt=\"\" class=\"wp-image-12\" width=\"117\" height=\"150\" srcset=\"https:\/\/yang-translation.de\/wp-content\/uploads\/2022\/08\/Bild6-233x300.png 233w, https:\/\/yang-translation.de\/wp-content\/uploads\/2022\/08\/Bild6.png 452w\" sizes=\"(max-width: 117px) 100vw, 117px\" \/><figcaption>Urkunden<\/figcaption><\/figure>\n<\/div>\n\n\n\n<div class=\"wp-container-24 wp-block-column\">\n<figure class=\"wp-block-image size-medium is-resized\"><img loading=\"lazy\" src=\"https:\/\/yang-translation.de\/wp-content\/uploads\/2022\/08\/Bild13-296x300.png\" alt=\"\" class=\"wp-image-5\" width=\"148\" height=\"150\" srcset=\"https:\/\/yang-translation.de\/wp-content\/uploads\/2022\/08\/Bild13-296x300.png 296w, https:\/\/yang-translation.de\/wp-content\/uploads\/2022\/08\/Bild13.png 520w\" sizes=\"(max-width: 148px) 100vw, 148px\" \/><figcaption>Wirtschaft, Finanzen und Politik<\/figcaption><\/figure>\n<\/div>\n\n\n\n<div class=\"wp-container-25 wp-block-column\">\n<figure class=\"wp-block-image size-medium is-resized\"><img loading=\"lazy\" src=\"https:\/\/yang-translation.de\/wp-content\/uploads\/2022\/08\/Bild8-300x300.png\" alt=\"\" class=\"wp-image-14\" width=\"150\" height=\"150\" srcset=\"https:\/\/yang-translation.de\/wp-content\/uploads\/2022\/08\/Bild8-300x300.png 300w, https:\/\/yang-translation.de\/wp-content\/uploads\/2022\/08\/Bild8-150x150.png 150w, https:\/\/yang-translation.de\/wp-content\/uploads\/2022\/08\/Bild8.png 581w\" sizes=\"(max-width: 150px) 100vw, 150px\" \/><figcaption>Geschichte, Kultur und Werbung<\/figcaption><\/figure>\n<\/div>\n<\/div>\n<\/div><\/div>\n\n\n\n<div class=\"wp-container-28 wp-block-columns\">\n<div class=\"wp-container-27 wp-block-column\" style=\"flex-basis:100%\"><\/div>\n<\/div>\n\n\n\n<div class=\"wp-block-uagb-icon-list uagb-block-ee37e79d\"><div class=\"uagb-icon-list__wrap\"><\/div><\/div>\n\n\n\n<div class=\"wp-container-32 wp-block-columns\">\n<div class=\"wp-container-29 wp-block-column\"><\/div>\n\n\n\n<div class=\"wp-container-30 wp-block-column\"><\/div>\n\n\n\n<div class=\"wp-container-31 wp-block-column\"><\/div>\n<\/div>\n\n\n\n<div class=\"wp-container-36 wp-block-columns\">\n<div class=\"wp-container-33 wp-block-column\"><\/div>\n\n\n\n<div class=\"wp-container-34 wp-block-column\"><\/div>\n\n\n\n<div class=\"wp-container-35 wp-block-column\"><\/div>\n<\/div>\n\n\n\n<div class=\"wp-container-40 wp-block-columns\">\n<div class=\"wp-container-37 wp-block-column\"><\/div>\n\n\n\n<div class=\"wp-container-38 wp-block-column\"><\/div>\n\n\n\n<div class=\"wp-container-39 wp-block-column\"><\/div>\n<\/div>\n","protected":false},"excerpt":{"rendered":"<p>Leistungen &amp; Fachgebiete<\/p>\n","protected":false},"author":1,"featured_media":0,"parent":0,"menu_order":0,"comment_status":"closed","ping_status":"closed","template":"","meta":{"site-sidebar-layout":"no-sidebar","site-content-layout":"plain-container","ast-global-header-display":"","ast-main-header-display":"","ast-hfb-above-header-display":"","ast-hfb-below-header-display":"","ast-hfb-mobile-header-display":"","site-post-title":"disabled","ast-breadcrumbs-content":"","ast-featured-img":"","footer-sml-layout":"","theme-transparent-header-meta":"enabled","adv-header-id-meta":"","stick-header-meta":"","header-above-stick-meta":"","header-main-stick-meta":"","header-below-stick-meta":""},"uagb_featured_image_src":{"full":false,"thumbnail":false,"medium":false,"medium_large":false,"large":false,"1536x1536":false,"2048x2048":false,"trp-custom-language-flag":false},"uagb_author_info":{"display_name":"martinosbild8172","author_link":"https:\/\/yang-translation.de\/de\/author\/martinosbild8172\/"},"uagb_comment_info":0,"uagb_excerpt":"Leistungen &amp; Fachgebiete","_links":{"self":[{"href":"https:\/\/yang-translation.de\/de\/wp-json\/wp\/v2\/pages\/415"}],"collection":[{"href":"https:\/\/yang-translation.de\/de\/wp-json\/wp\/v2\/pages"}],"about":[{"href":"https:\/\/yang-translation.de\/de\/wp-json\/wp\/v2\/types\/page"}],"author":[{"embeddable":true,"href":"https:\/\/yang-translation.de\/de\/wp-json\/wp\/v2\/users\/1"}],"replies":[{"embeddable":true,"href":"https:\/\/yang-translation.de\/de\/wp-json\/wp\/v2\/comments?post=415"}],"version-history":[{"count":49,"href":"https:\/\/yang-translation.de\/de\/wp-json\/wp\/v2\/pages\/415\/revisions"}],"predecessor-version":[{"id":687,"href":"https:\/\/yang-translation.de\/de\/wp-json\/wp\/v2\/pages\/415\/revisions\/687"}],"wp:attachment":[{"href":"https:\/\/yang-translation.de\/de\/wp-json\/wp\/v2\/media?parent=415"}],"curies":[{"name":"wp","href":"https:\/\/api.w.org\/{rel}","templated":true}]}}